{"id":210,"date":"2016-11-05T13:08:51","date_gmt":"2016-11-05T13:08:51","guid":{"rendered":"http:\/\/bandsalat.net\/?page_id=210"},"modified":"2025-10-20T08:46:45","modified_gmt":"2025-10-20T08:46:45","slug":"anfahrt-propsteihaus","status":"publish","type":"page","link":"https:\/\/bandsalat.net\/?page_id=210","title":{"rendered":"Anfahrt Propsteihaus"},"content":{"rendered":"<h3>Propsteihaus<\/h3>\n<p>Das Propsteihaus in Petersberg ist nun seit vielen, vielen Jahren unsere Spielst\u00e4tte.<\/p>\n<p>Die Adresse lautet:<\/p>\n<p style=\"padding-left: 30px;\">Propsteihaus Petersberg<br \/>\nRathausplatz 2<br \/>\n36100 Petersberg<\/p>\n<p><iframe loading=\"lazy\" style=\"border: 0;\" src=\"https:\/\/www.google.com\/maps\/embed?pb=!1m14!1m8!1m3!1d10138.461059667503!2d9.7120601!3d50.5599244!3m2!1i1024!2i768!4f13.1!3m3!1m2!1s0x0%3A0xd532d602038f673!2sPropsteihaus!5e0!3m2!1sde!2sde!4v1478705114345\" width=\"600\" height=\"450\" frameborder=\"0\" allowfullscreen=\"allowfullscreen\"><\/iframe><\/p>\n<h3 style=\"margin: 12px 0 0 0;\">Parkpl\u00e4tze<\/h3>\n<div style=\"margin: 12px 0 0 0;\">Parkpl\u00e4tze gibt es direkt im Propsteihof \u00fcber die Zufahrt von der Landwehr. Einfach der Parkhinweisbeschilderung folgen. Am Sonntag kann man hier sogar kostenlos parken.<\/div>\n<div style=\"margin: 12px 0 0 0;\">Von hier aus sind es nur 100 Meter bis zum Propsteihaus.<\/div>\n<div><\/div>\n<div>Hier der <a href=\"https:\/\/petersberg.de\/parkhaus-0667.html\">Link<\/a> zur Gemeinde Petersberg mit noch mehr Informationen.<\/div>\n<div style=\"margin: 12px 0 0 0;\"><\/div>\n","protected":false},"excerpt":{"rendered":"<p>Propsteihaus Das Propsteihaus in Petersberg ist nun seit vielen, vielen Jahren unsere Spielst\u00e4tte. Die Adresse lautet: Propsteihaus Petersberg Rathausplatz 2 36100 Petersberg Parkpl\u00e4tze Parkpl\u00e4tze gibt es direkt im Propsteihof \u00fcber die Zufahrt von der Landwehr. Einfach der Parkhinweisbeschilderung folgen. Am Sonntag kann man hier sogar kostenlos parken. Von hier aus sind es nur 100 Meter &hellip; <a href=\"https:\/\/bandsalat.net\/?page_id=210\" class=\"more-link\"><span class=\"screen-reader-text\">Anfahrt Propsteihaus<\/span> weiterlesen <span class=\"meta-nav\">&rarr;<\/span><\/a><\/p>\n","protected":false},"author":1,"featured_media":0,"parent":0,"menu_order":0,"comment_status":"closed","ping_status":"closed","template":"","meta":{"footnotes":""},"class_list":["post-210","page","type-page","status-publish","hentry"],"_links":{"self":[{"href":"https:\/\/bandsalat.net\/index.php?rest_route=\/wp\/v2\/pages\/210","targetHints":{"allow":["GET"]}}],"collection":[{"href":"https:\/\/bandsalat.net\/index.php?rest_route=\/wp\/v2\/pages"}],"about":[{"href":"https:\/\/bandsalat.net\/index.php?rest_route=\/wp\/v2\/types\/page"}],"author":[{"embeddable":true,"href":"https:\/\/bandsalat.net\/index.php?rest_route=\/wp\/v2\/users\/1"}],"replies":[{"embeddable":true,"href":"https:\/\/bandsalat.net\/index.php?rest_route=%2Fwp%2Fv2%2Fcomments&post=210"}],"version-history":[{"count":6,"href":"https:\/\/bandsalat.net\/index.php?rest_route=\/wp\/v2\/pages\/210\/revisions"}],"predecessor-version":[{"id":532,"href":"https:\/\/bandsalat.net\/index.php?rest_route=\/wp\/v2\/pages\/210\/revisions\/532"}],"wp:attachment":[{"href":"https:\/\/bandsalat.net\/index.php?rest_route=%2Fwp%2Fv2%2Fmedia&parent=210"}],"curies":[{"name":"wp","href":"https:\/\/api.w.org\/{rel}","templated":true}]}}